{"id":2,"date":"2025-03-26T12:51:24","date_gmt":"2025-03-26T11:51:24","guid":{"rendered":"http:\/\/dakota-kuznia.pl\/?page_id=2"},"modified":"2025-05-14T10:25:48","modified_gmt":"2025-05-14T08:25:48","slug":"strona-glowna","status":"publish","type":"page","link":"https:\/\/dakota-kuznia.pl\/","title":{"rendered":"Strona g\u0142\u00f3wna"},"content":{"rendered":"<div class=\"mb-container mb-container-1  alignfull has-overlay video-bg fixed-height\"><video class=\"mb-container-video\" autoplay muted loop playsinline src=\"https:\/\/dakota-kuznia.pl\/wp-content\/uploads\/2025\/03\/hero_bg.mp4\"><\/video><div class=\"mb-container-overlay  vertical-align vertical-align-center\"><div class=\"fullwidth-content\">\n<h2 class=\"mb-headline mb-headline-1  text-align-center text-transform-uppercase\">Dakota \u2013 Kowalstwo i Frezowanie CNC<\/h2>\n\n<h2 class=\"mb-headline mb-headline-2  text-align-center\">Rodzinna firma z tradycjami od 1972 roku<\/h2>\n<\/div><\/div><\/div>\n\n<div class=\"mb-container mb-container-2 \" id=\"uslugi\">\n<h2 class=\"mb-headline mb-headline-3  text-align-center\">Nasze us\u0142ugi<\/h2>\n\n<div class=\"mb-columns mb-columns-1   equal-height\">\n<div class=\"mb-col mb-col3 mb-col-1  bg-repeat\">\n<div class=\"mb-icon-box mb-icon-box-1 text-align-center has-image pos-left icon-pos-top\"><div class=\"mb-icon-box-picture\"><span class=\"img-border\"><img decoding=\"async\" src=\"https:\/\/dakota-kuznia.pl\/wp-content\/uploads\/2025\/04\/haas.png\" class=\"mb-icon-box-image\" alt=\"\" width=\"\" height=\"200\"><\/span><\/div><div class=\"mb-icon-box-content\">\n<h3 class=\"mb-headline mb-headline-4 \">Frezowanie CNC<\/h3>\n\n<p class=\"mb-text-block mb-text-block-5  text-transform-none pos-center\">Dzi\u0119ki nowoczesnej 3-osiowej maszynie Haas VF-2SS oferujemy precyzyjn\u0105 obr\u00f3bk\u0119 metali. Gwarantujemy dok\u0142adno\u015b\u0107 i wysok\u0105 jako\u015b\u0107 wykonania.<\/p>\n<\/div><\/div>\n<\/div>\n\n<div class=\"mb-col mb-col3 mb-col-2  bg-repeat\">\n<div class=\"mb-icon-box mb-icon-box-2 text-align-center has-image pos-left icon-pos-top\"><div class=\"mb-icon-box-picture\"><span class=\"img-border\"><img decoding=\"async\" src=\"https:\/\/dakota-kuznia.pl\/wp-content\/uploads\/2025\/04\/kucie-matrycowe.jpg\" class=\"mb-icon-box-image\" alt=\"\" width=\"\" height=\"200\"><\/span><\/div><div class=\"mb-icon-box-content\">\n<h3 class=\"mb-headline mb-headline-6 \">Kucie matrycowe<\/h3>\n\n<p class=\"mb-text-block mb-text-block-7  text-transform-none pos-center\">Przy u\u017cyciu pras o sile uderzenia do 160 ton wykonujemy elementy kuty o wysokiej wytrzyma\u0142o\u015bci.<\/p>\n<\/div><\/div>\n<\/div>\n\n<div class=\"mb-col mb-col3 mb-col-3  bg-repeat\">\n<div class=\"mb-icon-box mb-icon-box-3 text-align-center has-image pos-left icon-pos-top\"><div class=\"mb-icon-box-picture\"><span class=\"img-border\"><img decoding=\"async\" src=\"https:\/\/dakota-kuznia.pl\/wp-content\/uploads\/2025\/04\/kowalstwo-1.jpg\" class=\"mb-icon-box-image\" alt=\"\" width=\"\" height=\"200\"><\/span><\/div><div class=\"mb-icon-box-content\">\n<h3 class=\"mb-headline mb-headline-8 \">Kowalstwo<\/h3>\n\n<p class=\"mb-text-block mb-text-block-9  text-transform-none pos-center\">Nasza ku\u017ania to miejsce, w kt\u00f3rym tradycja spotyka si\u0119 z nowoczesno\u015bci\u0105. Tworzymy wyj\u0105tkowe elementy metalowe, \u0142\u0105cz\u0105c do\u015bwiadczenie i pasj\u0119.<\/p>\n<\/div><\/div>\n<\/div>\n\n<div class=\"mb-col mb-col3 mb-col-4  bg-repeat\">\n<div class=\"mb-icon-box mb-icon-box-4 text-align-center has-image pos-left icon-pos-top\"><div class=\"mb-icon-box-picture\"><span class=\"img-border\"><img decoding=\"async\" src=\"https:\/\/dakota-kuznia.pl\/wp-content\/uploads\/2025\/04\/produkcja-podkow.jpg\" class=\"mb-icon-box-image\" alt=\"\" width=\"\" height=\"200\"><\/span><\/div><div class=\"mb-icon-box-content\">\n<h3 class=\"mb-headline mb-headline-10 \">Produkcja podk\u00f3w<\/h3>\n\n<p class=\"mb-text-block mb-text-block-11  text-transform-none pos-center\">Specjalizujemy si\u0119 w produkcji podk\u00f3w dla koni, dbaj\u0105c o ich wytrzyma\u0142o\u015b\u0107 i ergonomi\u0119.<\/p>\n<\/div><\/div>\n<\/div>\n\n<div class=\"mb-col mb-col3 mb-col-5  bg-repeat\">\n<div class=\"mb-icon-box mb-icon-box-5 text-align-center has-image pos-left icon-pos-top\"><div class=\"mb-icon-box-picture\"><span class=\"img-border\"><img decoding=\"async\" src=\"https:\/\/dakota-kuznia.pl\/wp-content\/uploads\/2025\/04\/spawanie.jpg\" class=\"mb-icon-box-image\" alt=\"\" width=\"\" height=\"200\"><\/span><\/div><div class=\"mb-icon-box-content\">\n<h3 class=\"mb-headline mb-headline-12 \">Spawanie<\/h3>\n\n<p class=\"mb-text-block mb-text-block-13  text-transform-none pos-center\">\u015awiadczymy us\u0142ugi spawalnicze, zapewniaj\u0105c trwa\u0142e i solidne po\u0142\u0105czenia metalowe.<\/p>\n<\/div><\/div>\n<\/div>\n\n<div class=\"mb-col mb-col3 mb-col-6  bg-repeat\">\n<div class=\"mb-icon-box mb-icon-box-6 text-align-center has-image pos-left icon-pos-top\"><div class=\"mb-icon-box-picture\"><span class=\"img-border\"><img decoding=\"async\" src=\"https:\/\/dakota-kuznia.pl\/wp-content\/uploads\/2025\/04\/obrobka-metali.jpg\" class=\"mb-icon-box-image\" alt=\"\" width=\"\" height=\"200\"><\/span><\/div><div class=\"mb-icon-box-content\">\n<h3 class=\"mb-headline mb-headline-14 \">Obr\u00f3bka metali<\/h3>\n\n<p class=\"mb-text-block mb-text-block-15  text-transform-none pos-center\">Hartowanie i ulepszanie cieplne metali w celu zwi\u0119kszenia ich wytrzyma\u0142o\u015bci i trwa\u0142o\u015bci.<\/p>\n<\/div><\/div>\n<\/div>\n<\/div>\n<\/div>\n\n<div class=\"mb-container mb-container-3  alignfull\" id=\"o-nas\">\n<div class=\"mb-columns mb-columns-2   vertical-align-center equal-height alignfull alignfull\">\n<div class=\"mb-col mb-col2 mb-col-7  bg-repeat-no\"><\/div>\n\n<div class=\"mb-col mb-col2 mb-col-8  bg-repeat\" id=\"about-right-col\">\n<h2 class=\"mb-headline mb-headline-16 \">O nas<\/h2>\n\n\n<p>Dakota to firma rodzinna, kt\u00f3ra od 1972 roku zajmuje si\u0119 kowalstwem oraz obr\u00f3bk\u0105 metali. Jeste\u015bmy drugim pokoleniem mistrz\u00f3w kowalstwa, \u0142\u0105cz\u0105cym tradycyjne rzemios\u0142o z nowoczesnymi technologiami. Nasza pasja i do\u015bwiadczenie pozwalaj\u0105 nam tworzy\u0107 wytrzyma\u0142e oraz precyzyjne elementy, kt\u00f3re znajduj\u0105 zastosowanie w wielu bran\u017cach.<\/p>\n\n\n\n<div class=\"wp-block-group is-layout-grid wp-container-core-group-is-layout-6f6fdd51 wp-block-group-is-layout-grid\">\n<div class=\"wp-block-group wp-container-content-94734dbf\"><div class=\"wp-block-group__inner-container is-layout-constrained wp-block-group-is-layout-constrained\"><div id=\"mb-milestone_6a0122b5a5357\" class=\"mb-milestone mb-milestone-1 text-align-left \"><p class=\"mb-milestone-content\"  data-prefix=\"\" data-suffix=\"+\"><span class=\"mb-milestone-value\" id=\"mb-milestone_6a0122b5a5357_value\" data-start=\"0\" data-end=\"50\" data-speed=\"5000\"><\/span><span class=\"mb-milestone-suffix\">+<\/span><\/p><\/div>\n\n<p class=\"mb-text-block mb-text-block-17  text-transform-uppercase pos-center\">lat<br>do\u015bwiadczenia<\/p>\n\n<p class=\"mb-text-block mb-text-block-18  text-transform-none pos-center\">Kowalstwo to nasza tradycja od 1972 roku, przekazywana z pokolenia na pokolenie.<\/p><\/div><\/div>\n\n\n\n<div class=\"wp-block-group wp-container-content-0dc50e47\"><div class=\"wp-block-group__inner-container is-layout-constrained wp-block-group-is-layout-constrained\"><div id=\"mb-milestone_6a0122b5a7ee8\" class=\"mb-milestone mb-milestone-2 text-align-left \"><p class=\"mb-milestone-content\"  data-prefix=\"\" data-suffix=\"+\"><span class=\"mb-milestone-value\" id=\"mb-milestone_6a0122b5a7ee8_value\" data-start=\"0\" data-end=\"100\" data-speed=\"5000\"><\/span><span class=\"mb-milestone-suffix\">+<\/span><\/p><\/div>\n\n<p class=\"mb-text-block mb-text-block-19  text-transform-uppercase pos-center\">wykonanych<br>projekt\u00f3w<\/p>\n\n<p class=\"mb-text-block mb-text-block-20  text-transform-none pos-center\">Przez lata dostarczyli\u015bmy setki wyrob\u00f3w kowalskich i metalowych, spe\u0142niaj\u0105c oczekiwania klient\u00f3w.<\/p><\/div><\/div>\n\n\n\n<div class=\"wp-block-group wp-container-content-0dc50e47\"><div class=\"wp-block-group__inner-container is-layout-constrained wp-block-group-is-layout-constrained\"><div id=\"mb-milestone_6a0122b5a833b\" class=\"mb-milestone mb-milestone-3 text-align-left \"><p class=\"mb-milestone-content\"  data-prefix=\"\" data-suffix=\"+\"><span class=\"mb-milestone-value\" id=\"mb-milestone_6a0122b5a833b_value\" data-start=\"0\" data-end=\"500\" data-speed=\"5000\"><\/span><span class=\"mb-milestone-suffix\">+<\/span><\/p><\/div>\n\n<p class=\"mb-text-block mb-text-block-21  text-transform-uppercase pos-center\">podk\u00f3w<br>rocznie<\/p>\n\n<p class=\"mb-text-block mb-text-block-22  text-transform-none pos-center\">Produkujemy trwa\u0142e i precyzyjne podkowy dla koni, dostarczaj\u0105c je do klient\u00f3w w ca\u0142ym kraju.<\/p><\/div><\/div>\n<\/div>\n\n\n<ul class=\"mb-ul mb-ul-1  pos-left\">\n<li class=\"mb-li mb-li-1  with-icon bg-repeat\"><i class=\"mb-icon mb-icon-1 fas fa-xs  fa-square\"><\/i><div class=\"mb-li-content\">\n<p class=\"mb-text-block mb-text-block-23  text-transform-uppercase pos-center\"><strong>Certyfikowany kowal i specjalista w spawalnictwie.<\/strong><\/p>\n<\/div><\/li>\n\n<li class=\"mb-li mb-li-2  with-icon bg-repeat\"><i class=\"mb-icon mb-icon-2 fas fa-xs  fa-square\"><\/i><div class=\"mb-li-content\">\n<p class=\"mb-text-block mb-text-block-24  text-transform-uppercase pos-center\"><strong>Dostawca wysokiej jako\u015bci wyrob\u00f3w kowalskich.<\/strong><\/p>\n<\/div><\/li>\n<\/ul>\n<\/div>\n<\/div>\n<\/div>\n\n<div class=\"mb-container mb-container-4 \" id=\"galeria\">\n<h2 class=\"mb-headline mb-headline-25  text-align-center\">Galeria<\/h2>\n\n<div class=\"mb-gallery mb-gallery-1 layout-columns layout-columns-3\"><figure class=\"mb-gallery-item\"><a href=\"https:\/\/dakota-kuznia.pl\/wp-content\/uploads\/2025\/04\/obrobka-metali.jpg\" class=\"thumbnail-link mb-gallery-lightbox\"><span class=\"img-border\"><img loading=\"lazy\" decoding=\"async\" width=\"500\" height=\"500\" src=\"https:\/\/dakota-kuznia.pl\/wp-content\/uploads\/2025\/04\/obrobka-metali.jpg\" class=\"attachment-multi-builder-gallery-thumbnail size-multi-builder-gallery-thumbnail\" alt=\"\" srcset=\"https:\/\/dakota-kuznia.pl\/wp-content\/uploads\/2025\/04\/obrobka-metali.jpg 500w, https:\/\/dakota-kuznia.pl\/wp-content\/uploads\/2025\/04\/obrobka-metali-300x300.jpg 300w, https:\/\/dakota-kuznia.pl\/wp-content\/uploads\/2025\/04\/obrobka-metali-150x150.jpg 150w, https:\/\/dakota-kuznia.pl\/wp-content\/uploads\/2025\/04\/obrobka-metali-50x50.jpg 50w\" sizes=\"auto, (max-width: 500px) 100vw, 500px\" \/><\/span><\/a><div class=\"thumbnail-overlay\"><i class=\"multi-icon multi-icon-search\"><\/i><\/div><\/figure><figure class=\"mb-gallery-item\"><a href=\"https:\/\/dakota-kuznia.pl\/wp-content\/uploads\/2025\/04\/spawanie.jpg\" class=\"thumbnail-link mb-gallery-lightbox\"><span class=\"img-border\"><img loading=\"lazy\" decoding=\"async\" width=\"500\" height=\"500\" src=\"https:\/\/dakota-kuznia.pl\/wp-content\/uploads\/2025\/04\/spawanie.jpg\" class=\"attachment-multi-builder-gallery-thumbnail size-multi-builder-gallery-thumbnail\" alt=\"\" srcset=\"https:\/\/dakota-kuznia.pl\/wp-content\/uploads\/2025\/04\/spawanie.jpg 500w, https:\/\/dakota-kuznia.pl\/wp-content\/uploads\/2025\/04\/spawanie-300x300.jpg 300w, https:\/\/dakota-kuznia.pl\/wp-content\/uploads\/2025\/04\/spawanie-150x150.jpg 150w, https:\/\/dakota-kuznia.pl\/wp-content\/uploads\/2025\/04\/spawanie-50x50.jpg 50w\" sizes=\"auto, (max-width: 500px) 100vw, 500px\" \/><\/span><\/a><div class=\"thumbnail-overlay\"><i class=\"multi-icon multi-icon-search\"><\/i><\/div><\/figure><figure class=\"mb-gallery-item\"><a href=\"https:\/\/dakota-kuznia.pl\/wp-content\/uploads\/2025\/04\/produkcja-podkow.jpg\" class=\"thumbnail-link mb-gallery-lightbox\"><span class=\"img-border\"><img loading=\"lazy\" decoding=\"async\" width=\"500\" height=\"500\" src=\"https:\/\/dakota-kuznia.pl\/wp-content\/uploads\/2025\/04\/produkcja-podkow.jpg\" class=\"attachment-multi-builder-gallery-thumbnail size-multi-builder-gallery-thumbnail\" alt=\"\" srcset=\"https:\/\/dakota-kuznia.pl\/wp-content\/uploads\/2025\/04\/produkcja-podkow.jpg 500w, https:\/\/dakota-kuznia.pl\/wp-content\/uploads\/2025\/04\/produkcja-podkow-300x300.jpg 300w, https:\/\/dakota-kuznia.pl\/wp-content\/uploads\/2025\/04\/produkcja-podkow-150x150.jpg 150w, https:\/\/dakota-kuznia.pl\/wp-content\/uploads\/2025\/04\/produkcja-podkow-50x50.jpg 50w\" sizes=\"auto, (max-width: 500px) 100vw, 500px\" \/><\/span><\/a><div class=\"thumbnail-overlay\"><i class=\"multi-icon multi-icon-search\"><\/i><\/div><\/figure><figure class=\"mb-gallery-item\"><a href=\"https:\/\/dakota-kuznia.pl\/wp-content\/uploads\/2025\/04\/kowalstwo-1.jpg\" class=\"thumbnail-link mb-gallery-lightbox\"><span class=\"img-border\"><img loading=\"lazy\" decoding=\"async\" width=\"500\" height=\"500\" src=\"https:\/\/dakota-kuznia.pl\/wp-content\/uploads\/2025\/04\/kowalstwo-1.jpg\" class=\"attachment-multi-builder-gallery-thumbnail size-multi-builder-gallery-thumbnail\" alt=\"\" srcset=\"https:\/\/dakota-kuznia.pl\/wp-content\/uploads\/2025\/04\/kowalstwo-1.jpg 500w, https:\/\/dakota-kuznia.pl\/wp-content\/uploads\/2025\/04\/kowalstwo-1-300x300.jpg 300w, https:\/\/dakota-kuznia.pl\/wp-content\/uploads\/2025\/04\/kowalstwo-1-150x150.jpg 150w, https:\/\/dakota-kuznia.pl\/wp-content\/uploads\/2025\/04\/kowalstwo-1-50x50.jpg 50w\" sizes=\"auto, (max-width: 500px) 100vw, 500px\" \/><\/span><\/a><div class=\"thumbnail-overlay\"><i class=\"multi-icon multi-icon-search\"><\/i><\/div><\/figure><figure class=\"mb-gallery-item\"><a href=\"https:\/\/dakota-kuznia.pl\/wp-content\/uploads\/2025\/04\/Frezowanie-CNC.jpg\" class=\"thumbnail-link mb-gallery-lightbox\"><span class=\"img-border\"><img loading=\"lazy\" decoding=\"async\" width=\"640\" height=\"640\" src=\"https:\/\/dakota-kuznia.pl\/wp-content\/uploads\/2025\/04\/Frezowanie-CNC-640x640.jpg\" class=\"attachment-multi-builder-gallery-thumbnail size-multi-builder-gallery-thumbnail\" alt=\"\" srcset=\"https:\/\/dakota-kuznia.pl\/wp-content\/uploads\/2025\/04\/Frezowanie-CNC-640x640.jpg 640w, https:\/\/dakota-kuznia.pl\/wp-content\/uploads\/2025\/04\/Frezowanie-CNC-150x150.jpg 150w, https:\/\/dakota-kuznia.pl\/wp-content\/uploads\/2025\/04\/Frezowanie-CNC-50x50.jpg 50w\" sizes=\"auto, (max-width: 640px) 100vw, 640px\" \/><\/span><\/a><div class=\"thumbnail-overlay\"><i class=\"multi-icon multi-icon-search\"><\/i><\/div><\/figure><figure class=\"mb-gallery-item\"><a href=\"https:\/\/dakota-kuznia.pl\/wp-content\/uploads\/2025\/04\/kowalstwo.jpg\" class=\"thumbnail-link mb-gallery-lightbox\"><span class=\"img-border\"><img loading=\"lazy\" decoding=\"async\" width=\"640\" height=\"640\" src=\"https:\/\/dakota-kuznia.pl\/wp-content\/uploads\/2025\/04\/kowalstwo-640x640.jpg\" class=\"attachment-multi-builder-gallery-thumbnail size-multi-builder-gallery-thumbnail\" alt=\"\" srcset=\"https:\/\/dakota-kuznia.pl\/wp-content\/uploads\/2025\/04\/kowalstwo-640x640.jpg 640w, https:\/\/dakota-kuznia.pl\/wp-content\/uploads\/2025\/04\/kowalstwo-150x150.jpg 150w, https:\/\/dakota-kuznia.pl\/wp-content\/uploads\/2025\/04\/kowalstwo-50x50.jpg 50w\" sizes=\"auto, (max-width: 640px) 100vw, 640px\" \/><\/span><\/a><div class=\"thumbnail-overlay\"><i class=\"multi-icon multi-icon-search\"><\/i><\/div><\/figure><\/div>\n<\/div>\n\n<div class=\"mb-container mb-container-5  alignfull\" id=\"kontakt\">\n<div class=\"mb-columns mb-columns-3   vertical-align-center equal-height alignfull alignfull\" data-animation-type=\"fadeInUp\" data-animation-delay=\"0\">\n<div class=\"mb-col mb-col4 mb-col-9  vertical-align-center bg-repeat\">\n<div class=\"mb-icon-box mb-icon-box-7 text-align-center circled-bg pos-center icon-pos-top\"><div class=\"mb-icon-box-picture\"><i class=\"mb-icon-box-icon fas fa-comments fa-lg \"><\/i><\/div><div class=\"mb-icon-box-content\">\n<h3 class=\"mb-headline mb-headline-26 \">Kontakt<\/h3>\n\n<p class=\"mb-text-block mb-text-block-27  text-transform-none pos-center\"><a href=\"tel:+48604075303\" data-type=\"tel\" data-id=\"tel:+48604075303\"><strong>+48 604 075 303<\/strong><\/a><br>dakota7@vp.pl<\/p>\n<\/div><\/div>\n<\/div>\n\n<div class=\"mb-col mb-col4 mb-col-10  vertical-align-center bg-repeat\">\n<div class=\"mb-icon-box mb-icon-box-8 text-align-center circled-bg pos-center icon-pos-top\"><div class=\"mb-icon-box-picture\"><i class=\"mb-icon-box-icon fas fa-compress-arrows-alt fa-lg \"><\/i><\/div><div class=\"mb-icon-box-content\">\n<h3 class=\"mb-headline mb-headline-28 \">Adres<\/h3>\n\n<p class=\"mb-text-block mb-text-block-29  text-transform-none pos-center\">Dakota Kowalstwo<br>Pleba\u0144ska 33, 32-651 Bielany<\/p>\n<\/div><\/div>\n<\/div>\n\n<div class=\"mb-col mb-col2 mb-col-11  bg-repeat\">\n\n<iframe loading=\"lazy\" width=\"100%\" height=\"400\" src=\"https:\/\/www.openstreetmap.org\/export\/embed.html?bbox=19.19746041297913%2C49.93019459698375%2C19.218488931655887%2C49.93882678752802&amp;layer=mapnik&amp;marker=49.93451088554527%2C19.207974672317505\" style=\"border: 1px solid black\"><\/iframe><br\/><small><a href=\"https:\/\/www.openstreetmap.org\/?mlat=49.934511&amp;mlon=19.207975#map=17\/49.934511\/19.207975\">Wy\u015bwietl wi\u0119ksz\u0105 map\u0119<\/a><\/small>\n\n<\/div>\n<\/div>\n<\/div>","protected":false},"excerpt":{"rendered":"","protected":false},"author":1,"featured_media":0,"parent":0,"menu_order":0,"comment_status":"closed","ping_status":"closed","template":"","meta":{"diagnoseo_meta_keyword":"","diagnoseo_meta_additional_keywords":"","diagnoseo_meta_language":"","diagnoseo_meta_title":"Dakota \u2013 Kowalstwo, Kucie Matrycowe i Produkcja Podk\u00f3w","diagnoseo_meta_description":"Dakota to rodzinna firma z wieloletnim do\u015bwiadczeniem w kowalstwie, kuciu matrycowym i produkcji podk\u00f3w dla koni.","diagnoseo_check_result":"","diagnoseo_og_image":"","footnotes":""},"class_list":["post-2","page","type-page","status-publish","hentry"],"_links":{"self":[{"href":"https:\/\/dakota-kuznia.pl\/index.php\/wp-json\/wp\/v2\/pages\/2","targetHints":{"allow":["GET"]}}],"collection":[{"href":"https:\/\/dakota-kuznia.pl\/index.php\/wp-json\/wp\/v2\/pages"}],"about":[{"href":"https:\/\/dakota-kuznia.pl\/index.php\/wp-json\/wp\/v2\/types\/page"}],"author":[{"embeddable":true,"href":"https:\/\/dakota-kuznia.pl\/index.php\/wp-json\/wp\/v2\/users\/1"}],"replies":[{"embeddable":true,"href":"https:\/\/dakota-kuznia.pl\/index.php\/wp-json\/wp\/v2\/comments?post=2"}],"version-history":[{"count":107,"href":"https:\/\/dakota-kuznia.pl\/index.php\/wp-json\/wp\/v2\/pages\/2\/revisions"}],"predecessor-version":[{"id":197,"href":"https:\/\/dakota-kuznia.pl\/index.php\/wp-json\/wp\/v2\/pages\/2\/revisions\/197"}],"wp:attachment":[{"href":"https:\/\/dakota-kuznia.pl\/index.php\/wp-json\/wp\/v2\/media?parent=2"}],"curies":[{"name":"wp","href":"https:\/\/api.w.org\/{rel}","templated":true}]}}